{"id":6327,"date":"2021-03-03T16:32:50","date_gmt":"2021-03-03T16:32:50","guid":{"rendered":"https:\/\/www.faustocarnevale.it\/?page_id=6327"},"modified":"2021-08-10T06:17:27","modified_gmt":"2021-08-10T06:17:27","slug":"termini-e-condizioni","status":"publish","type":"page","link":"http:\/\/www.faustocarnevale.it\/en\/termini-e-condizioni\/","title":{"rendered":"Termini e condizioni"},"content":{"rendered":"<p>[et_pb_section fb_built=&#8221;1&#8243; _builder_version=&#8221;4.9.0&#8243; _module_preset=&#8221;default&#8221;][et_pb_row _builder_version=&#8221;4.9.0&#8243; _module_preset=&#8221;default&#8221;][et_pb_column type=&#8221;4_4&#8243; _builder_version=&#8221;4.9.0&#8243; _module_preset=&#8221;default&#8221;][et_pb_text _builder_version=&#8221;4.9.0&#8243; _module_preset=&#8221;default&#8221; header_font=&#8221;|600|||||||&#8221; header_3_font=&#8221;Poppins|300|||||||&#8221; header_3_font_size=&#8221;21px&#8221;]<\/p>\n<h1>Termini e condizioni<\/h1>\n<p>&nbsp;<\/p>\n<p>Il presente documento riporta i termini e le condizioni generali sulla base dei quali viene offerto agli utenti l\u2019uso del sito web <a href=\"http:\/\/www.faustocarnevale.it\">www.faustocarnevale.it.<br \/><\/a>Il sito web fornisce agli Utenti\/interessati l\u2019acquisto dei prodotti e\/o servizi oltre che la presentazione dei<br \/>prodotti e\/o servizi forniti.<\/p>\n<h3><strong>Ambito di applicazione delle Condizioni<\/strong><\/h3>\n<p>L\u2019uso del sito web comporta l\u2019accettazione delle Condizioni da parte dell\u2019Utente\/interessato. Qualora l\u2019Utente non intenda accettare le Condizioni e\/o qualsiasi altra nota, avviso legale, informativa pubblicati o ivi richiamati non potr\u00e0 utilizzare il sito web n\u00e9 i relativi servizi offerti. Le Condizioni possono essere modificate in ogni momento. Eventuali modifiche saranno in vigore dal momento della loro pubblicazione sul sito web. Prima di utilizzare il sito web, l\u2019Utente \u00e8 tenuto a leggere attentamente le Condizioni. Il Titolare si riserva il diritto di variare a propria discrezione, in qualunque momento, l\u2019interfaccia grafica del sito web, i Contenuti e la loro organizzazione, nonch\u00e9 ogni altro aspetto che caratterizza la funzionalit\u00e0 e la gestione del sito web, comunicando all\u2019Utente, se necessario, le relative istruzioni.<\/p>\n<h3><strong>Esclusione della garanzia<\/strong><\/h3>\n<p>Il sito web viene fornito esattamente nella forma in cui appare e il Titolare non fornisce alcuna garanzia in relazione allo stesso, n\u00e9 che il sito web potr\u00e0 soddisfare le esigenze degli Utenti o che non avr\u00e0 mai interruzioni o sar\u00e0 priva di errori. Il Titolare si adoperer\u00e0 per assicurare che il sito web sia disponibile ininterrottamente 24 ore al giorno, ma non potr\u00e0 in alcun modo essere ritenuto responsabile se, per qualsiasi motivo, il sito web non fosse accessibile e\/o operativa in qualsiasi momento o per qualsiasi periodo. L\u2019accesso al sito web pu\u00f2 essere sospeso temporaneamente e senza preavviso in caso di guasto del sistema, manutenzione, riparazioni o per ragioni del tutto estranee alla volont\u00e0 del Titolare o per eventi di forza maggiore.<\/p>\n<h3><strong>Limitazione della Responsabilit\u00e0<\/strong><\/h3>\n<p>Il Titolare non potr\u00e0 ritenersi responsabile verso l\u2019Utente, salvo il caso di dolo o colpa grave, per disservizi o malfunzionamenti connessi all\u2019utilizzo della rete Internet al di fuori del controllo proprio o di suoi fornitori.<br \/>Il Titolare non sar\u00e0 inoltre responsabile in merito a danni, perdite e costi subiti dall\u2019Utente a seguito della<br \/>mancata esecuzione del contratto per cause a lui non imputabili.<br \/>Il Titolare non assume alcuna responsabilit\u00e0 per l\u2019eventuale uso fraudolento e illecito che possa essere fatto da parte di terzi delle carte di credito e altri mezzi di pagamento. Il Titolare non sar\u00e0 responsabile per eventuali perdite di opportunit\u00e0 commerciale e qualsiasi altra perdita, anche indiretta, eventualmente subita dall\u2019Utente che non siano conseguenza diretta della violazione del contratto da parte del Titolare o errato o inidoneo utilizzo del sito web da parte degli Utenti o di terzi in nessun caso il Titolare potr\u00e0 essere ritenuto responsabile per una somma superiore al doppio del costo pagato dall\u2019Utente.<\/p>\n<h3><strong>Forza maggiore<\/strong><\/h3>\n<p>Il Titolare non potr\u00e0 essere considerato responsabile per il mancato o ritardato adempimento delle proprie obbligazioni, per circostanze al di fuori del controllo ragionevole del Titolare dovuti ad eventi di forza maggiore o, comunque, ad eventi imprevisti ed imprevedibili e, comunque, indipendenti dalla sua volont\u00e0. L\u2019adempimento delle obbligazioni da parte del Titolare si intender\u00e0 sospeso per il periodo in cui si verificano eventi di forza maggiore. Il Titolare compir\u00e0 qualsiasi atto in suo potere al fine di individuare soluzioni che consentano il corretto adempimento delle proprie obbligazioni nonostante la persistenza di eventi forza maggiore.<\/p>\n<h3><strong>Procedura d\u2019acquisto<\/strong><\/h3>\n<p>Ogni fase, dalla scelta del prodotto fino all\u2019inoltro dell\u2019ordine, fa parte della procedura d\u2019acquisto, in quanto comprensiva dei seguenti passaggi: gli Utenti scelgono il Prodotto e\/o servizio desiderato e, dopo aver controllato le informazioni visibili nella scelta d\u2019acquisto, gli Utenti possono effettuare l\u2019ordine inoltrandolo.<\/p>\n<h3><strong>Invio dell\u2019ordine<\/strong><\/h3>\n<p>L\u2019invio dell\u2019ordine determina la conclusione del contratto e fa sorgere in capo all\u2019Utente l\u2019obbligo di pagare prezzo, tasse ed eventuali ulteriori oneri e spese. Nel caso in cui il Prodotto e\/o servizio acquistato richieda un contributo attivo da parte dell\u2019Utente, come la fornitura di informazioni o dati personali, specificazioni o richieste particolari, l\u2019inoltro dell\u2019ordine costituisce in capo all\u2019Utente anche l\u2019obbligo di collaborare di conseguenza. Una volta inoltrato l\u2019ordine, agli Utenti sar\u00e0 inviata una conferma di ricezione dell\u2019ordine. Tutte le notifiche relative alla procedura d\u2019acquisto sopra descritta saranno inviate all\u2019indirizzo di posta elettronica fornito dall\u2019Utente a tal fine.<\/p>\n<h3><strong>Acquisto online dei prodotti e\/o servizi<\/strong><\/h3>\n<p>I dettagli relativi ai mezzi di pagamento accettati sono evidenziati durante la procedura di acquisto. Alcuni mezzi di pagamento sono legati ad ulteriori condizioni o potrebbero comportare dei costi aggiuntivi. Le informazioni dettagliate sono riportate nella relativa sezione di questo sito.<br \/>Tutti i pagamenti vengono gestiti autonomamente da servizi terzi. Pertanto, Fausto Carnevale non raccoglie dati relativi al pagamento ma riceve una notifica una volta che il pagamento sia andato a buon fine. Nel caso in cui il pagamento effettuato con uno dei mezzi disponibili fallisca o venga rifiutato dal fornitore di servizi di pagamento, il Titolare non \u00e8 obbligato ad eseguire l\u2019ordine. Eventuali costi o commissioni derivanti dal pagamento fallito sono a carico dell\u2019Utente.<\/p>\n<h3><strong>Bonifico Bancario<\/strong><\/h3>\n<p>Fermo restando quanto previsto al paragrafo precedente che precede, il pagamento pu\u00f2 essere effettuato mediante bonifico bancario. Le coordinate bancarie per l\u2019effettuazione del bonifico saranno indicate nella pagina relativa ai pagamenti. Il pagamento dei Prodotti mediante bonifico bancario deve avvenire entro e non oltre 7 giorni di calendario dalla data dell\u2019ordine. Il Decorso inutilmente tale termine, il contratto potr\u00e0 considerarsi risolto di diritto, con conseguente rimborso dell\u2019Importo totale dovuto eventualmente pagato in ritardo. La risoluzione del contratto sar\u00e0 comunicata all\u2019utente via e-mail e l\u2019importo pagato restituito con le modalit\u00e0 per quanto applicabili. Nel caso di pagamento mediante bonifico bancario, la spedizione dei Prodotti e\/o l\u2019esecuzione del servizio sar\u00e0 effettuata solo dopo la ricezione da parte di Fausto Carnevale del bonifico. Per facilitare il collegamento tra il pagamento ricevuto mediante bonifico bancario e l\u2019ordine effettuato, si richiede al cliente di indicare nella causale del bonifico bancario il numero dell\u2019ordine id dell\u2019ordine.<\/p>\n<h3><strong>Legge applicabile e foro competente<\/strong><\/h3>\n<p>Le Condizioni sono soggette alla legge italiana. Per ogni controversia relativa all\u2019applicazione, esecuzione e interpretazione delle presenti Condizioni \u00e8 competente il foro del luogo in cui ha sede il Titolare. Per quanto non espressamente disciplinato nelle presenti condizioni si rinvia alla normativa applicabile.<\/p>\n<h3><strong>Copyright e condivisione dei contenuti<\/strong><\/h3>\n<p>I contenuti delle consulenze sono protetti da copyright e sono ad esclusivo uso personale del dell\u2019Utente\/Consumatore.<br \/>Non \u00e8 permesso quindi condividere testi, video, esercizi del corso senza l\u2019autorizzazione scritta di Fausto Carnevale.<\/p>\n<p>[\/et_pb_text][\/et_pb_column][\/et_pb_row][\/et_pb_section]<\/p>\n","protected":false},"excerpt":{"rendered":"<p>Termini e condizioni &nbsp; Il presente documento riporta i termini e le condizioni generali sulla base dei quali viene offerto agli utenti l\u2019uso del sito web www.faustocarnevale.it.Il sito web fornisce agli Utenti\/interessati l\u2019acquisto dei prodotti e\/o servizi oltre che la presentazione deiprodotti e\/o servizi forniti. Ambito di applicazione delle Condizioni L\u2019uso del sito web comporta [&hellip;]<\/p>\n","protected":false},"author":1,"featured_media":0,"parent":0,"menu_order":0,"comment_status":"closed","ping_status":"closed","template":"","meta":{"_et_pb_use_builder":"on","_et_pb_old_content":"","_et_gb_content_width":"","footnotes":""},"class_list":["post-6327","page","type-page","status-publish","hentry"],"yoast_head":"<!-- This site is optimized with the Yoast SEO plugin v27.4 - https:\/\/yoast.com\/product\/yoast-seo-wordpress\/ -->\n<title>Termini e condizioni - Fausto Carnevale<\/title>\n<meta name=\"description\" content=\"Il presente documento riporta i termini e le condizioni generali sulla base dei quali viene offerto agli utenti l\u2019uso del sito web.\" \/>\n<meta name=\"robots\" content=\"index, follow, max-snippet:-1, max-image-preview:large, max-video-preview:-1\" \/>\n<link rel=\"canonical\" href=\"https:\/\/www.faustocarnevale.it\/en\/termini-e-condizioni\/\" \/>\n<meta property=\"og:locale\" content=\"en_GB\" \/>\n<meta property=\"og:type\" content=\"article\" \/>\n<meta property=\"og:title\" content=\"Termini e condizioni - Fausto Carnevale\" \/>\n<meta property=\"og:description\" content=\"Il presente documento riporta i termini e le condizioni generali sulla base dei quali viene offerto agli utenti l\u2019uso del sito web.\" \/>\n<meta property=\"og:url\" content=\"https:\/\/www.faustocarnevale.it\/en\/termini-e-condizioni\/\" \/>\n<meta property=\"og:site_name\" content=\"Fausto Carnevale\" \/>\n<meta property=\"article:modified_time\" content=\"2021-08-10T06:17:27+00:00\" \/>\n<meta property=\"og:image\" content=\"https:\/\/www.faustocarnevale.it\/wp-content\/uploads\/2021\/02\/linkedin-scaled.jpg\" \/>\n\t<meta property=\"og:image:width\" content=\"2560\" \/>\n\t<meta property=\"og:image:height\" content=\"1709\" \/>\n\t<meta property=\"og:image:type\" content=\"image\/jpeg\" \/>\n<meta name=\"twitter:card\" content=\"summary_large_image\" \/>\n<script type=\"application\/ld+json\" class=\"yoast-schema-graph\">{\"@context\":\"https:\\\/\\\/schema.org\",\"@graph\":[{\"@type\":\"WebPage\",\"@id\":\"https:\\\/\\\/www.faustocarnevale.it\\\/termini-e-condizioni\\\/\",\"url\":\"https:\\\/\\\/www.faustocarnevale.it\\\/termini-e-condizioni\\\/\",\"name\":\"Termini e condizioni - Fausto Carnevale\",\"isPartOf\":{\"@id\":\"https:\\\/\\\/www.faustocarnevale.it\\\/#website\"},\"datePublished\":\"2021-03-03T16:32:50+00:00\",\"dateModified\":\"2021-08-10T06:17:27+00:00\",\"description\":\"Il presente documento riporta i termini e le condizioni generali sulla base dei quali viene offerto agli utenti l\u2019uso del sito web.\",\"breadcrumb\":{\"@id\":\"https:\\\/\\\/www.faustocarnevale.it\\\/termini-e-condizioni\\\/#breadcrumb\"},\"inLanguage\":\"en-GB\",\"potentialAction\":[{\"@type\":\"ReadAction\",\"target\":[\"https:\\\/\\\/www.faustocarnevale.it\\\/termini-e-condizioni\\\/\"]}]},{\"@type\":\"BreadcrumbList\",\"@id\":\"https:\\\/\\\/www.faustocarnevale.it\\\/termini-e-condizioni\\\/#breadcrumb\",\"itemListElement\":[{\"@type\":\"ListItem\",\"position\":1,\"name\":\"Home\",\"item\":\"https:\\\/\\\/www.faustocarnevale.it\\\/\"},{\"@type\":\"ListItem\",\"position\":2,\"name\":\"Termini e condizioni\"}]},{\"@type\":\"WebSite\",\"@id\":\"https:\\\/\\\/www.faustocarnevale.it\\\/#website\",\"url\":\"https:\\\/\\\/www.faustocarnevale.it\\\/\",\"name\":\"Fausto Carnevale\",\"description\":\"Dott. Commercialista\",\"potentialAction\":[{\"@type\":\"SearchAction\",\"target\":{\"@type\":\"EntryPoint\",\"urlTemplate\":\"https:\\\/\\\/www.faustocarnevale.it\\\/?s={search_term_string}\"},\"query-input\":{\"@type\":\"PropertyValueSpecification\",\"valueRequired\":true,\"valueName\":\"search_term_string\"}}],\"inLanguage\":\"en-GB\"}]}<\/script>\n<!-- \/ Yoast SEO plugin. -->","yoast_head_json":{"title":"Termini e condizioni - Fausto Carnevale","description":"Il presente documento riporta i termini e le condizioni generali sulla base dei quali viene offerto agli utenti l\u2019uso del sito web.","robots":{"index":"index","follow":"follow","max-snippet":"max-snippet:-1","max-image-preview":"max-image-preview:large","max-video-preview":"max-video-preview:-1"},"canonical":"https:\/\/www.faustocarnevale.it\/en\/termini-e-condizioni\/","og_locale":"en_GB","og_type":"article","og_title":"Termini e condizioni - Fausto Carnevale","og_description":"Il presente documento riporta i termini e le condizioni generali sulla base dei quali viene offerto agli utenti l\u2019uso del sito web.","og_url":"https:\/\/www.faustocarnevale.it\/en\/termini-e-condizioni\/","og_site_name":"Fausto Carnevale","article_modified_time":"2021-08-10T06:17:27+00:00","og_image":[{"width":2560,"height":1709,"url":"https:\/\/www.faustocarnevale.it\/wp-content\/uploads\/2021\/02\/linkedin-scaled.jpg","type":"image\/jpeg"}],"twitter_card":"summary_large_image","schema":{"@context":"https:\/\/schema.org","@graph":[{"@type":"WebPage","@id":"https:\/\/www.faustocarnevale.it\/termini-e-condizioni\/","url":"https:\/\/www.faustocarnevale.it\/termini-e-condizioni\/","name":"Termini e condizioni - Fausto Carnevale","isPartOf":{"@id":"https:\/\/www.faustocarnevale.it\/#website"},"datePublished":"2021-03-03T16:32:50+00:00","dateModified":"2021-08-10T06:17:27+00:00","description":"Il presente documento riporta i termini e le condizioni generali sulla base dei quali viene offerto agli utenti l\u2019uso del sito web.","breadcrumb":{"@id":"https:\/\/www.faustocarnevale.it\/termini-e-condizioni\/#breadcrumb"},"inLanguage":"en-GB","potentialAction":[{"@type":"ReadAction","target":["https:\/\/www.faustocarnevale.it\/termini-e-condizioni\/"]}]},{"@type":"BreadcrumbList","@id":"https:\/\/www.faustocarnevale.it\/termini-e-condizioni\/#breadcrumb","itemListElement":[{"@type":"ListItem","position":1,"name":"Home","item":"https:\/\/www.faustocarnevale.it\/"},{"@type":"ListItem","position":2,"name":"Termini e condizioni"}]},{"@type":"WebSite","@id":"https:\/\/www.faustocarnevale.it\/#website","url":"https:\/\/www.faustocarnevale.it\/","name":"Fausto Carnevale","description":"Dott. Commercialista","potentialAction":[{"@type":"SearchAction","target":{"@type":"EntryPoint","urlTemplate":"https:\/\/www.faustocarnevale.it\/?s={search_term_string}"},"query-input":{"@type":"PropertyValueSpecification","valueRequired":true,"valueName":"search_term_string"}}],"inLanguage":"en-GB"}]}},"_links":{"self":[{"href":"http:\/\/www.faustocarnevale.it\/en\/wp-json\/wp\/v2\/pages\/6327","targetHints":{"allow":["GET"]}}],"collection":[{"href":"http:\/\/www.faustocarnevale.it\/en\/wp-json\/wp\/v2\/pages"}],"about":[{"href":"http:\/\/www.faustocarnevale.it\/en\/wp-json\/wp\/v2\/types\/page"}],"author":[{"embeddable":true,"href":"http:\/\/www.faustocarnevale.it\/en\/wp-json\/wp\/v2\/users\/1"}],"replies":[{"embeddable":true,"href":"http:\/\/www.faustocarnevale.it\/en\/wp-json\/wp\/v2\/comments?post=6327"}],"version-history":[{"count":0,"href":"http:\/\/www.faustocarnevale.it\/en\/wp-json\/wp\/v2\/pages\/6327\/revisions"}],"wp:attachment":[{"href":"http:\/\/www.faustocarnevale.it\/en\/wp-json\/wp\/v2\/media?parent=6327"}],"curies":[{"name":"wp","href":"https:\/\/api.w.org\/{rel}","templated":true}]}}