{"id":8358,"date":"2023-09-18T13:30:29","date_gmt":"2023-09-18T13:30:29","guid":{"rendered":"https:\/\/www.faustocarnevale.it\/?page_id=8358"},"modified":"2025-02-25T13:46:27","modified_gmt":"2025-02-25T13:46:27","slug":"contabilita-per-le-aziende","status":"publish","type":"page","link":"https:\/\/www.faustocarnevale.it\/en\/contabilita-per-le-aziende\/","title":{"rendered":"Contabilit\u00e0 per le Aziende"},"content":{"rendered":"<p>[et_pb_section fb_built=&#8221;1&#8243; _builder_version=&#8221;4.20.1&#8243; _module_preset=&#8221;default&#8221; background_color=&#8221;rgba(0,106,193,0.46)&#8221; global_colors_info=&#8221;{}&#8221;][et_pb_row _builder_version=&#8221;4.20.1&#8243; _module_preset=&#8221;default&#8221; global_colors_info=&#8221;{}&#8221;][et_pb_column type=&#8221;4_4&#8243; _builder_version=&#8221;4.20.1&#8243; _module_preset=&#8221;default&#8221; global_colors_info=&#8221;{}&#8221;][et_pb_text _builder_version=&#8221;4.20.1&#8243; _module_preset=&#8221;default&#8221; text_font=&#8221;Playfair Display||||||||&#8221; text_text_color=&#8221;#FFFFFF&#8221; text_font_size=&#8221;52px&#8221; text_line_height=&#8221;2em&#8221; global_colors_info=&#8221;{}&#8221;]<\/p>\n<p style=\"text-align: center;\">Contabilit\u00e0 per le aziende<\/p>\n<p>[\/et_pb_text][\/et_pb_column][\/et_pb_row][\/et_pb_section][et_pb_section fb_built=&#8221;1&#8243; _builder_version=&#8221;4.20.1&#8243; _module_preset=&#8221;default&#8221; global_colors_info=&#8221;{}&#8221;][et_pb_row _builder_version=&#8221;4.20.1&#8243; _module_preset=&#8221;default&#8221; global_colors_info=&#8221;{}&#8221;][et_pb_column type=&#8221;4_4&#8243; _builder_version=&#8221;4.20.1&#8243; _module_preset=&#8221;default&#8221; global_colors_info=&#8221;{}&#8221;][et_pb_text _builder_version=&#8221;4.27.3&#8243; _module_preset=&#8221;default&#8221; global_colors_info=&#8221;{}&#8221;]<\/p>\n<h1><strong data-start=\"3\" data-end=\"64\">Rivoluziona il tuo business con una contabilit\u00e0 vincente!<\/strong><\/h1>\n<p>[\/et_pb_text][et_pb_text _builder_version=&#8221;4.27.3&#8243; _module_preset=&#8221;default&#8221; global_colors_info=&#8221;{}&#8221;]<\/p>\n<p>Sei un imprenditore o un libero professionista e ti sei accorto che <strong>il profitto \u00e8 basso<\/strong>?<\/p>\n<p>Forse il tuo fatturato non sta crescendo come dovrebbe, e il problema potrebbe risiedere nella <strong>gestione della contabilit\u00e0 e della fiscalit\u00e0 della tua azienda.<\/strong><\/p>\n<p data-start=\"318\" data-end=\"619\">Che tu sia in una fase di crescita o abbia gi\u00e0 una struttura consolidata,<strong> possiamo aiutarti a migliorare il tuo business.<br \/><\/strong>S\u00ec, lo sappiamo: il mondo delle tasse pu\u00f2 sembrare intimidatorio, soprattutto quando superi la soglia del regime forfettario. <strong>Ma non lasciare che la paura blocchi il tuo successo!<\/strong><\/p>\n<p data-start=\"621\" data-end=\"813\">Mentre alcuni ti direbbero che con la contabilit\u00e0 non si riescono a capire i risultati, noi sappiamo che \u00e8 come dire a un calciatore di non calciare la palla: \u00e8 controproducente! \u00c8 il momento di adottare una <strong>strategia mirata<\/strong>:<\/p>\n<ul data-start=\"814\" data-end=\"1098\">\n<li data-start=\"814\" data-end=\"903\"><strong><em>Scopri i costi che non dovresti sostenere <\/em><\/strong><em>nella tua contabilit\u00e0<\/em>.<\/li>\n<li data-start=\"904\" data-end=\"992\"><strong><em>Esplora nuovi metodi per aumentare la profittabilit\u00e0 <\/em><\/strong><em>con il budget<\/em>.<\/li>\n<li data-start=\"993\" data-end=\"1098\"><strong><em>Pianifica un&#8217;azione mirata<\/em><\/strong><em> per vendere i prodotti <\/em><em>che ti portano un <strong>margine pi\u00f9 alto<\/strong><\/em>.<\/li>\n<\/ul>\n<p data-start=\"1100\" data-end=\"1329\">E se sei una PMI, non dimenticare che anche <strong>il tuo team<\/strong> amministrativo-contabile merita formazione. Un team preparato \u00e8 il segreto per una gestione efficace dei costi e delle tasse, che ti consente di investire in crescita reale.<\/p>\n<p data-start=\"1331\" data-end=\"1423\">Se il tuo attuale consulente non riesce a darti quella marcia in pi\u00f9, <strong>\u00e8 il momento di agire!<\/strong><\/p>\n<p data-start=\"1425\" data-end=\"1670\"><strong>Prenota ora una call direttamente con me, Fausto Carnevale!<br \/><\/strong><br data-start=\"1487\" data-end=\"1490\" \/>Parliamo insieme delle strategie pi\u00f9 adatte per <strong>trasformare la tua contabilit\u00e0 in un vero motore di crescita.<\/strong><\/p>\n<p><strong> <\/strong><\/p>\n<p><strong><\/strong>Clicca qui sotto per prenotare la chiamata.<\/p>\n<p>&nbsp;<\/p>\n<p>[\/et_pb_text][et_pb_button button_url=&#8221;https:\/\/calendly.com\/faustocarnevale\/consulenza-15-min-dott-fausto-carnevale-per-aziende&#8221; url_new_window=&#8221;on&#8221; button_text=&#8221;Prenota la chiamata&#8221; button_alignment=&#8221;center&#8221; _builder_version=&#8221;4.27.3&#8243; _module_preset=&#8221;default&#8221; box_shadow_style=&#8221;preset4&#8243; box_shadow_horizontal=&#8221;4px&#8221; box_shadow_vertical=&#8221;5px&#8221; box_shadow_blur=&#8221;12px&#8221; global_colors_info=&#8221;{}&#8221;][\/et_pb_button][\/et_pb_column][\/et_pb_row][et_pb_row _builder_version=&#8221;4.27.3&#8243; _module_preset=&#8221;default&#8221; global_colors_info=&#8221;{}&#8221;][et_pb_column type=&#8221;4_4&#8243; _builder_version=&#8221;4.27.3&#8243; _module_preset=&#8221;default&#8221; global_colors_info=&#8221;{}&#8221;][\/et_pb_column][\/et_pb_row][\/et_pb_section]<\/p>\n","protected":false},"excerpt":{"rendered":"<p>Contabilit\u00e0 per le aziendeRivoluziona il tuo business con una contabilit\u00e0 vincente!Sei un imprenditore o un libero professionista e ti sei accorto che il profitto \u00e8 basso? Forse il tuo fatturato non sta crescendo come dovrebbe, e il problema potrebbe risiedere nella gestione della contabilit\u00e0 e della fiscalit\u00e0 della tua azienda. Che tu sia in una [&hellip;]<\/p>\n","protected":false},"author":1,"featured_media":0,"parent":0,"menu_order":0,"comment_status":"closed","ping_status":"closed","template":"","meta":{"_et_pb_use_builder":"on","_et_pb_old_content":"","_et_gb_content_width":"","footnotes":""},"class_list":["post-8358","page","type-page","status-publish","hentry"],"yoast_head":"<!-- This site is optimized with the Yoast SEO plugin v27.4 - https:\/\/yoast.com\/product\/yoast-seo-wordpress\/ -->\n<title>Contabilit\u00e0 per le Aziende - Fausto Carnevale<\/title>\n<meta name=\"description\" content=\"Corsi efficaci per riprogrammare il mindset, studiare e comprendere la contabilit\u00e0 e la fiscalit\u00e0, trovare lavoro orientandosi alla carriera.\" \/>\n<meta name=\"robots\" content=\"index, follow, max-snippet:-1, max-image-preview:large, max-video-preview:-1\" \/>\n<link rel=\"canonical\" href=\"https:\/\/www.faustocarnevale.it\/en\/contabilita-per-le-aziende\/\" \/>\n<meta property=\"og:locale\" content=\"en_GB\" \/>\n<meta property=\"og:type\" content=\"article\" \/>\n<meta property=\"og:title\" content=\"Contabilit\u00e0 per le Aziende - Fausto Carnevale\" \/>\n<meta property=\"og:description\" content=\"Corsi efficaci per riprogrammare il mindset, studiare e comprendere la contabilit\u00e0 e la fiscalit\u00e0, trovare lavoro orientandosi alla carriera.\" \/>\n<meta property=\"og:url\" content=\"https:\/\/www.faustocarnevale.it\/en\/contabilita-per-le-aziende\/\" \/>\n<meta property=\"og:site_name\" content=\"Fausto Carnevale\" \/>\n<meta property=\"article:modified_time\" content=\"2025-02-25T13:46:27+00:00\" \/>\n<meta property=\"og:image\" content=\"https:\/\/www.faustocarnevale.it\/wp-content\/uploads\/2021\/02\/linkedin-scaled.jpg\" \/>\n\t<meta property=\"og:image:width\" content=\"2560\" \/>\n\t<meta property=\"og:image:height\" content=\"1709\" \/>\n\t<meta property=\"og:image:type\" content=\"image\/jpeg\" \/>\n<meta name=\"twitter:card\" content=\"summary_large_image\" \/>\n<script type=\"application\/ld+json\" class=\"yoast-schema-graph\">{\"@context\":\"https:\\\/\\\/schema.org\",\"@graph\":[{\"@type\":\"WebPage\",\"@id\":\"https:\\\/\\\/www.faustocarnevale.it\\\/contabilita-per-le-aziende\\\/\",\"url\":\"https:\\\/\\\/www.faustocarnevale.it\\\/contabilita-per-le-aziende\\\/\",\"name\":\"Contabilit\u00e0 per le Aziende - Fausto Carnevale\",\"isPartOf\":{\"@id\":\"https:\\\/\\\/www.faustocarnevale.it\\\/#website\"},\"datePublished\":\"2023-09-18T13:30:29+00:00\",\"dateModified\":\"2025-02-25T13:46:27+00:00\",\"description\":\"Corsi efficaci per riprogrammare il mindset, studiare e comprendere la contabilit\u00e0 e la fiscalit\u00e0, trovare lavoro orientandosi alla carriera.\",\"breadcrumb\":{\"@id\":\"https:\\\/\\\/www.faustocarnevale.it\\\/contabilita-per-le-aziende\\\/#breadcrumb\"},\"inLanguage\":\"en-GB\",\"potentialAction\":[{\"@type\":\"ReadAction\",\"target\":[\"https:\\\/\\\/www.faustocarnevale.it\\\/contabilita-per-le-aziende\\\/\"]}]},{\"@type\":\"BreadcrumbList\",\"@id\":\"https:\\\/\\\/www.faustocarnevale.it\\\/contabilita-per-le-aziende\\\/#breadcrumb\",\"itemListElement\":[{\"@type\":\"ListItem\",\"position\":1,\"name\":\"Home\",\"item\":\"https:\\\/\\\/www.faustocarnevale.it\\\/\"},{\"@type\":\"ListItem\",\"position\":2,\"name\":\"Contabilit\u00e0 per le Aziende\"}]},{\"@type\":\"WebSite\",\"@id\":\"https:\\\/\\\/www.faustocarnevale.it\\\/#website\",\"url\":\"https:\\\/\\\/www.faustocarnevale.it\\\/\",\"name\":\"Fausto Carnevale\",\"description\":\"Dott. Commercialista\",\"potentialAction\":[{\"@type\":\"SearchAction\",\"target\":{\"@type\":\"EntryPoint\",\"urlTemplate\":\"https:\\\/\\\/www.faustocarnevale.it\\\/?s={search_term_string}\"},\"query-input\":{\"@type\":\"PropertyValueSpecification\",\"valueRequired\":true,\"valueName\":\"search_term_string\"}}],\"inLanguage\":\"en-GB\"}]}<\/script>\n<!-- \/ Yoast SEO plugin. -->","yoast_head_json":{"title":"Contabilit\u00e0 per le Aziende - Fausto Carnevale","description":"Corsi efficaci per riprogrammare il mindset, studiare e comprendere la contabilit\u00e0 e la fiscalit\u00e0, trovare lavoro orientandosi alla carriera.","robots":{"index":"index","follow":"follow","max-snippet":"max-snippet:-1","max-image-preview":"max-image-preview:large","max-video-preview":"max-video-preview:-1"},"canonical":"https:\/\/www.faustocarnevale.it\/en\/contabilita-per-le-aziende\/","og_locale":"en_GB","og_type":"article","og_title":"Contabilit\u00e0 per le Aziende - Fausto Carnevale","og_description":"Corsi efficaci per riprogrammare il mindset, studiare e comprendere la contabilit\u00e0 e la fiscalit\u00e0, trovare lavoro orientandosi alla carriera.","og_url":"https:\/\/www.faustocarnevale.it\/en\/contabilita-per-le-aziende\/","og_site_name":"Fausto Carnevale","article_modified_time":"2025-02-25T13:46:27+00:00","og_image":[{"width":2560,"height":1709,"url":"https:\/\/www.faustocarnevale.it\/wp-content\/uploads\/2021\/02\/linkedin-scaled.jpg","type":"image\/jpeg"}],"twitter_card":"summary_large_image","schema":{"@context":"https:\/\/schema.org","@graph":[{"@type":"WebPage","@id":"https:\/\/www.faustocarnevale.it\/contabilita-per-le-aziende\/","url":"https:\/\/www.faustocarnevale.it\/contabilita-per-le-aziende\/","name":"Contabilit\u00e0 per le Aziende - Fausto Carnevale","isPartOf":{"@id":"https:\/\/www.faustocarnevale.it\/#website"},"datePublished":"2023-09-18T13:30:29+00:00","dateModified":"2025-02-25T13:46:27+00:00","description":"Corsi efficaci per riprogrammare il mindset, studiare e comprendere la contabilit\u00e0 e la fiscalit\u00e0, trovare lavoro orientandosi alla carriera.","breadcrumb":{"@id":"https:\/\/www.faustocarnevale.it\/contabilita-per-le-aziende\/#breadcrumb"},"inLanguage":"en-GB","potentialAction":[{"@type":"ReadAction","target":["https:\/\/www.faustocarnevale.it\/contabilita-per-le-aziende\/"]}]},{"@type":"BreadcrumbList","@id":"https:\/\/www.faustocarnevale.it\/contabilita-per-le-aziende\/#breadcrumb","itemListElement":[{"@type":"ListItem","position":1,"name":"Home","item":"https:\/\/www.faustocarnevale.it\/"},{"@type":"ListItem","position":2,"name":"Contabilit\u00e0 per le Aziende"}]},{"@type":"WebSite","@id":"https:\/\/www.faustocarnevale.it\/#website","url":"https:\/\/www.faustocarnevale.it\/","name":"Fausto Carnevale","description":"Dott. Commercialista","potentialAction":[{"@type":"SearchAction","target":{"@type":"EntryPoint","urlTemplate":"https:\/\/www.faustocarnevale.it\/?s={search_term_string}"},"query-input":{"@type":"PropertyValueSpecification","valueRequired":true,"valueName":"search_term_string"}}],"inLanguage":"en-GB"}]}},"_links":{"self":[{"href":"https:\/\/www.faustocarnevale.it\/en\/wp-json\/wp\/v2\/pages\/8358","targetHints":{"allow":["GET"]}}],"collection":[{"href":"https:\/\/www.faustocarnevale.it\/en\/wp-json\/wp\/v2\/pages"}],"about":[{"href":"https:\/\/www.faustocarnevale.it\/en\/wp-json\/wp\/v2\/types\/page"}],"author":[{"embeddable":true,"href":"https:\/\/www.faustocarnevale.it\/en\/wp-json\/wp\/v2\/users\/1"}],"replies":[{"embeddable":true,"href":"https:\/\/www.faustocarnevale.it\/en\/wp-json\/wp\/v2\/comments?post=8358"}],"version-history":[{"count":0,"href":"https:\/\/www.faustocarnevale.it\/en\/wp-json\/wp\/v2\/pages\/8358\/revisions"}],"wp:attachment":[{"href":"https:\/\/www.faustocarnevale.it\/en\/wp-json\/wp\/v2\/media?parent=8358"}],"curies":[{"name":"wp","href":"https:\/\/api.w.org\/{rel}","templated":true}]}}